{"id":438,"date":"2018-03-12T21:41:05","date_gmt":"2018-03-12T18:41:05","guid":{"rendered":"http:\/\/ziran.fi\/?page_id=438"},"modified":"2018-03-14T14:23:50","modified_gmt":"2018-03-14T12:23:50","slug":"palvelut","status":"publish","type":"page","link":"https:\/\/ziran.fi\/?page_id=438&lang=fi","title":{"rendered":"Palvelut"},"content":{"rendered":"<p style=\"text-align: left;\"><span style=\"font-size: 18pt; font-family: tox-typewriter; color: #333333;\"><strong>Festivaalit, tapahtumat, n\u00e4yttelyt &amp; installaatiot. <\/strong><\/span><\/p>\n<p style=\"text-align: left;\"><span style=\"font-family: tox-typewriter; font-size: 14pt; color: #333333;\">Suunnittelemme itse sek\u00e4 rakennamme kansainv\u00e4listen ja kotimaisten suunnittelijoiden luomuksia.<\/span><\/p>\n<hr \/>\n<p style=\"text-align: left;\"><span style=\"font-size: 18pt; font-family: tox-typewriter; color: #333333;\"><strong>Suunnittelu, tuotanto, logistiikka &amp; toteutus. <\/strong><\/span><\/p>\n<p style=\"text-align: left;\"><span style=\"font-family: tox-typewriter; font-size: 14pt; color: #333333;\">Teemme t\u00f6it\u00e4 kulttuurin ja luovien alojen parissa monipuolisesti ja vankalla kokemuksella.<\/span><\/p>\n<hr \/>\n<p style=\"text-align: left;\"><span style=\"font-family: tox-typewriter; font-size: 18pt; color: #333333;\"><strong>Rekrytointi, ty\u00f6njohto &amp; sopimukset.<\/strong> <\/span><\/p>\n<p style=\"text-align: left;\"><span style=\"font-family: tox-typewriter; font-size: 14pt; color: #333333;\">Laaja osaajien ja tekij\u00f6iden verkostomme mahdollistaa oikeiden ihmisten sitouttamisen projektiin.<\/span><\/p>\n<p style=\"text-align: left;\"><span style=\"color: #333333;\">\u00a0<\/span><\/p>\n","protected":false},"excerpt":{"rendered":"<p>Festivaalit, tapahtumat, n\u00e4yttelyt &amp; installaatiot. Suunnittelemme itse sek\u00e4 rakennamme kansainv\u00e4listen ja kotimaisten suunnittelijoiden luomuksia. Suunnittelu, tuotanto, logistiikka &amp; toteutus. Teemme t\u00f6it\u00e4 kulttuurin ja luovien alojen parissa monipuolisesti ja vankalla kokemuksella. Rekrytointi, ty\u00f6njohto &amp; sopimukset. Laaja osaajien ja tekij\u00f6iden verkostomme mahdollistaa oikeiden ihmisten sitouttamisen projektiin. \u00a0<\/p>\n","protected":false},"author":1,"featured_media":0,"parent":0,"menu_order":0,"comment_status":"closed","ping_status":"closed","template":"","meta":{"footnotes":""},"_links":{"self":[{"href":"https:\/\/ziran.fi\/index.php?rest_route=\/wp\/v2\/pages\/438"}],"collection":[{"href":"https:\/\/ziran.fi\/index.php?rest_route=\/wp\/v2\/pages"}],"about":[{"href":"https:\/\/ziran.fi\/index.php?rest_route=\/wp\/v2\/types\/page"}],"author":[{"embeddable":true,"href":"https:\/\/ziran.fi\/index.php?rest_route=\/wp\/v2\/users\/1"}],"replies":[{"embeddable":true,"href":"https:\/\/ziran.fi\/index.php?rest_route=%2Fwp%2Fv2%2Fcomments&post=438"}],"version-history":[{"count":13,"href":"https:\/\/ziran.fi\/index.php?rest_route=\/wp\/v2\/pages\/438\/revisions"}],"predecessor-version":[{"id":779,"href":"https:\/\/ziran.fi\/index.php?rest_route=\/wp\/v2\/pages\/438\/revisions\/779"}],"wp:attachment":[{"href":"https:\/\/ziran.fi\/index.php?rest_route=%2Fwp%2Fv2%2Fmedia&parent=438"}],"curies":[{"name":"wp","href":"https:\/\/api.w.org\/{rel}","templated":true}]}}