{"id":214,"date":"2016-10-04T17:10:25","date_gmt":"2016-10-04T14:10:25","guid":{"rendered":"http:\/\/ziran.fi\/?page_id=214"},"modified":"2024-01-26T09:23:22","modified_gmt":"2024-01-26T07:23:22","slug":"frontti","status":"publish","type":"page","link":"https:\/\/ziran.fi\/?page_id=214&lang=fi","title":{"rendered":"KULTTUURIOSUUSKUNTA ZIRAN"},"content":{"rendered":"<p><span style=\"font-family: tox-typewriter; font-size: 14pt; color: #333333;\">Tarjoaa asiakkailleen palveluita kulttuuri- ja tapahtuma-alalla. <\/span><\/p>\n<p><span style=\"font-family: tox-typewriter; font-size: 14pt; color: #333333;\">Saat kauttamme kaiken tarvitsemasi konsultoinnista toteutukseen.<\/span><\/p>\n<p><span style=\"font-family: tox-typewriter; font-size: 14pt; color: #333333;\"> Ziran on vuosittain mukana tekem\u00e4ss\u00e4 lukuisia tapahtumia p\u00e4\u00e4kaupunkiseudulla sek\u00e4 toteuttaa omia teoksia ja projekteja j\u00e4senist\u00f6n aikataulun mukaan. <\/span><\/p>\n<p><span style=\"font-family: tox-typewriter; font-size: 14pt; color: #333333;\">Ty\u00f6n\u00e4ytteit\u00e4 l\u00f6yd\u00e4t portfolio-osiosta.<\/span><\/p>\n<p><span style=\"font-family: tox-typewriter; font-size: 14pt; color: #333333;\">Ziran ei t\u00e4ll\u00e4 hetkell\u00e4 etsi uusia j\u00e4seni\u00e4 osuuskuntaan, mutta voit halutessasi l\u00e4hett\u00e4\u00e4 portfolion sek\u00e4 yhteystietosi osoitteeseen contact@ziran.fi.<\/span><\/p>\n<p><img loading=\"lazy\" decoding=\"async\" id=\"suomenvahvimmat-yrityslogo\" title=\"Lis\u00e4tietoja klikkaamalla\" src=\"https:\/\/ziran.fi\/wp-content\/uploads\/2022\/08\/SV_AA_LOGO_Kulttuuriosuuskunta_Ziran_FI_423492_web.jpg\" alt=\"\" width=\"150\" height=\"215\" \/> <script src=\"https:\/\/www.asiakastieto.fi\/resources\/yrityslogo\/showinfo.js\"><\/script><\/p>\n","protected":false},"excerpt":{"rendered":"<p>Tarjoaa asiakkailleen palveluita kulttuuri- ja tapahtuma-alalla. Saat kauttamme kaiken tarvitsemasi konsultoinnista toteutukseen. Ziran on vuosittain mukana tekem\u00e4ss\u00e4 lukuisia tapahtumia p\u00e4\u00e4kaupunkiseudulla sek\u00e4 toteuttaa omia teoksia ja projekteja j\u00e4senist\u00f6n aikataulun mukaan. Ty\u00f6n\u00e4ytteit\u00e4 l\u00f6yd\u00e4t portfolio-osiosta. Ziran ei t\u00e4ll\u00e4 hetkell\u00e4 etsi uusia j\u00e4seni\u00e4 osuuskuntaan, mutta voit halutessasi l\u00e4hett\u00e4\u00e4 portfolion sek\u00e4 yhteystietosi osoitteeseen contact@ziran.fi.<\/p>\n","protected":false},"author":1,"featured_media":777,"parent":0,"menu_order":0,"comment_status":"closed","ping_status":"closed","template":"","meta":{"footnotes":""},"_links":{"self":[{"href":"https:\/\/ziran.fi\/index.php?rest_route=\/wp\/v2\/pages\/214"}],"collection":[{"href":"https:\/\/ziran.fi\/index.php?rest_route=\/wp\/v2\/pages"}],"about":[{"href":"https:\/\/ziran.fi\/index.php?rest_route=\/wp\/v2\/types\/page"}],"author":[{"embeddable":true,"href":"https:\/\/ziran.fi\/index.php?rest_route=\/wp\/v2\/users\/1"}],"replies":[{"embeddable":true,"href":"https:\/\/ziran.fi\/index.php?rest_route=%2Fwp%2Fv2%2Fcomments&post=214"}],"version-history":[{"count":34,"href":"https:\/\/ziran.fi\/index.php?rest_route=\/wp\/v2\/pages\/214\/revisions"}],"predecessor-version":[{"id":1714,"href":"https:\/\/ziran.fi\/index.php?rest_route=\/wp\/v2\/pages\/214\/revisions\/1714"}],"wp:featuredmedia":[{"embeddable":true,"href":"https:\/\/ziran.fi\/index.php?rest_route=\/wp\/v2\/media\/777"}],"wp:attachment":[{"href":"https:\/\/ziran.fi\/index.php?rest_route=%2Fwp%2Fv2%2Fmedia&parent=214"}],"curies":[{"name":"wp","href":"https:\/\/api.w.org\/{rel}","templated":true}]}}