{"id":208,"date":"2016-10-04T17:08:49","date_gmt":"2016-10-04T14:08:49","guid":{"rendered":"http:\/\/ziran.fi\/?page_id=208"},"modified":"2020-09-27T09:48:56","modified_gmt":"2020-09-27T07:48:56","slug":"ihmiset","status":"publish","type":"page","link":"https:\/\/ziran.fi\/?page_id=208&lang=fi","title":{"rendered":"Ihmiset"},"content":{"rendered":"<h3><span style=\"font-family: tox-typewriter; color: #000000;\"><span style=\"font-size: 18pt; color: #333333;\"><img loading=\"lazy\" decoding=\"async\" class=\"alignleft wp-image-821 size-thumbnail\" src=\"https:\/\/ziran.fi\/wp-content\/uploads\/2018\/03\/DeeMV-150x150.jpg\" alt=\"\" width=\"150\" height=\"150\" srcset=\"https:\/\/ziran.fi\/wp-content\/uploads\/2018\/03\/DeeMV-150x150.jpg 150w, https:\/\/ziran.fi\/wp-content\/uploads\/2018\/03\/DeeMV-640x640.jpg 640w, https:\/\/ziran.fi\/wp-content\/uploads\/2018\/03\/DeeMV-50x50.jpg 50w\" sizes=\"(max-width: 150px) 100vw, 150px\" \/><span style=\"font-family: tox-typewriter; color: #000000;\"><span style=\"font-size: 18pt; color: #333333;\"><span style=\"font-size: 18pt;\">Jyri<\/span><\/span><\/span><span style=\"color: rgba(0, 0, 0, 0.8); font-family: Roboto, 'Helvetica Neue', Arial, sans-serif; font-size: 1.6em;\">\u00a0<\/span><span style=\"font-size: 18pt; font-family: tox-typewriter;\">Sucksdorff<\/span><\/span><\/span><\/h3>\n<p><span style=\"text-decoration: underline; font-family: tox-typewriter; color: #333333; font-size: 14pt;\">Toiminnanjohtaja, perustajaj\u00e4sen<\/span><\/p>\n<p><span style=\"font-family: tox-typewriter; color: #333333; font-size: 14pt;\">Osuuskunnan p\u00e4ivitt\u00e4inen toiminta ja yhteydenpito.<\/span><\/p>\n<hr \/>\n<p><span style=\"font-family: tox-typewriter; color: #333333; font-size: 14pt;\">Muu j\u00e4senist\u00f6:<\/span><\/p>\n<p><span style=\"font-family: tox-typewriter; color: #333333; font-size: 14pt;\">Anna Sucksdorff, perustajaj\u00e4sen, hallituksen varaj\u00e4sen.<\/span><\/p>\n<p><span style=\"font-family: tox-typewriter; color: #333333; font-size: 14pt;\">Jilka Repo, varsinainen j\u00e4sen.<\/span><\/p>\n<p><span style=\"font-family: tox-typewriter; color: #333333; font-size: 14pt;\"><a style=\"color: #333333;\" href=\"http:\/\/www.swks.fi\">Suomen Wushu Kungfu seura ry<\/a>., yhteis\u00f6j\u00e4sen.<\/span><\/p>\n<hr \/>\n<p><span style=\"font-family: tox-typewriter; color: #333333; font-size: 12pt;\">Osuuskunnallemme on kertynyt kattava taiteilijoiden, esiintyjien ja tekij\u00f6iden verkosto, joten jos tarvitset projektiisi ryhm\u00e4n, ota rohkeasti yhteytt\u00e4 niin kasaamme sinulle sopivan tiimin.<\/span><\/p>\n","protected":false},"excerpt":{"rendered":"<p>Jyri\u00a0Sucksdorff Toiminnanjohtaja, perustajaj\u00e4sen Osuuskunnan p\u00e4ivitt\u00e4inen toiminta ja yhteydenpito. Muu j\u00e4senist\u00f6: Anna Sucksdorff, perustajaj\u00e4sen, hallituksen varaj\u00e4sen. Jilka Repo, varsinainen j\u00e4sen. Suomen Wushu Kungfu seura ry., yhteis\u00f6j\u00e4sen. Osuuskunnallemme on kertynyt kattava taiteilijoiden, esiintyjien ja tekij\u00f6iden verkosto, joten jos tarvitset projektiisi ryhm\u00e4n, ota rohkeasti yhteytt\u00e4 niin kasaamme sinulle sopivan tiimin.<\/p>\n","protected":false},"author":1,"featured_media":0,"parent":0,"menu_order":0,"comment_status":"closed","ping_status":"closed","template":"","meta":{"footnotes":""},"_links":{"self":[{"href":"https:\/\/ziran.fi\/index.php?rest_route=\/wp\/v2\/pages\/208"}],"collection":[{"href":"https:\/\/ziran.fi\/index.php?rest_route=\/wp\/v2\/pages"}],"about":[{"href":"https:\/\/ziran.fi\/index.php?rest_route=\/wp\/v2\/types\/page"}],"author":[{"embeddable":true,"href":"https:\/\/ziran.fi\/index.php?rest_route=\/wp\/v2\/users\/1"}],"replies":[{"embeddable":true,"href":"https:\/\/ziran.fi\/index.php?rest_route=%2Fwp%2Fv2%2Fcomments&post=208"}],"version-history":[{"count":13,"href":"https:\/\/ziran.fi\/index.php?rest_route=\/wp\/v2\/pages\/208\/revisions"}],"predecessor-version":[{"id":1503,"href":"https:\/\/ziran.fi\/index.php?rest_route=\/wp\/v2\/pages\/208\/revisions\/1503"}],"wp:attachment":[{"href":"https:\/\/ziran.fi\/index.php?rest_route=%2Fwp%2Fv2%2Fmedia&parent=208"}],"curies":[{"name":"wp","href":"https:\/\/api.w.org\/{rel}","templated":true}]}}